{"id":17,"date":"2026-04-28T08:48:01","date_gmt":"2026-04-28T08:48:01","guid":{"rendered":"https:\/\/wp5204.gendalf.teamon.site\/?page_id=17"},"modified":"2026-04-28T09:45:58","modified_gmt":"2026-04-28T09:45:58","slug":"contact","status":"publish","type":"page","link":"https:\/\/wp5204.gendalf.teamon.site\/index.php\/contact\/","title":{"rendered":"Contact"},"content":{"rendered":"\t\t<div data-elementor-type=\"wp-page\" data-elementor-id=\"17\" class=\"elementor elementor-17\" data-elementor-post-type=\"page\">\n\t\t\t\t\t\t\t\t\t<section class=\"elementor-section elementor-top-section elementor-element elementor-element-7cb44033 elementor-section-full_width elementor-section-height-min-height elementor-section-items-stretch elementor-section-content-middle elementor-reverse-tablet elementor-reverse-mobile elementor-section-height-default\" data-id=\"7cb44033\" data-element_type=\"section\" data-settings=\"{&quot;background_background&quot;:&quot;gradient&quot;}\">\n\t\t\t\t\t\t<div class=\"elementor-container elementor-column-gap-no\">\n\t\t\t\t\t<div class=\"elementor-column elementor-col-50 elementor-top-column elementor-element elementor-element-219c8c4c\" data-id=\"219c8c4c\" data-element_type=\"column\">\n\t\t\t<div class=\"elementor-widget-wrap elementor-element-populated\">\n\t\t\t\t\t\t\t\t<div class=\"elementor-element elementor-element-5ba576b9 elementor-invisible elementor-widget elementor-widget-image\" data-id=\"5ba576b9\" data-element_type=\"widget\" data-settings=\"{&quot;motion_fx_motion_fx_scrolling&quot;:&quot;yes&quot;,&quot;motion_fx_translateY_effect&quot;:&quot;yes&quot;,&quot;motion_fx_translateY_direction&quot;:&quot;negative&quot;,&quot;motion_fx_translateY_speed&quot;:{&quot;unit&quot;:&quot;px&quot;,&quot;size&quot;:1.5,&quot;sizes&quot;:[]},&quot;_animation&quot;:&quot;slideInLeft&quot;,&quot;motion_fx_translateY_affectedRange&quot;:{&quot;unit&quot;:&quot;%&quot;,&quot;size&quot;:&quot;&quot;,&quot;sizes&quot;:{&quot;start&quot;:0,&quot;end&quot;:100}},&quot;motion_fx_devices&quot;:[&quot;desktop&quot;,&quot;tablet&quot;,&quot;mobile&quot;]}\" data-widget_type=\"image.default\">\n\t\t\t\t<div class=\"elementor-widget-container\">\n\t\t\t<style>\/*! elementor - v3.15.0 - 31-07-2023 *\/\n.elementor-widget-image{text-align:center}.elementor-widget-image a{display:inline-block}.elementor-widget-image a img[src$=\".svg\"]{width:48px}.elementor-widget-image img{vertical-align:middle;display:inline-block}<\/style>\t\t\t\t\t\t\t\t\t\t\t\t<img loading=\"lazy\" decoding=\"async\" width=\"1752\" height=\"2560\" src=\"https:\/\/wp5204.gendalf.teamon.site\/wp-content\/uploads\/2026\/04\/solar-panels-meadow-scaled.jpg\" class=\"attachment-full size-full wp-image-30\" alt=\"\" srcset=\"https:\/\/wp5204.gendalf.teamon.site\/wp-content\/uploads\/2026\/04\/solar-panels-meadow-scaled.jpg 1752w, https:\/\/wp5204.gendalf.teamon.site\/wp-content\/uploads\/2026\/04\/solar-panels-meadow-205x300.jpg 205w, https:\/\/wp5204.gendalf.teamon.site\/wp-content\/uploads\/2026\/04\/solar-panels-meadow-701x1024.jpg 701w, https:\/\/wp5204.gendalf.teamon.site\/wp-content\/uploads\/2026\/04\/solar-panels-meadow-768x1122.jpg 768w, https:\/\/wp5204.gendalf.teamon.site\/wp-content\/uploads\/2026\/04\/solar-panels-meadow-1051x1536.jpg 1051w, https:\/\/wp5204.gendalf.teamon.site\/wp-content\/uploads\/2026\/04\/solar-panels-meadow-1401x2048.jpg 1401w\" sizes=\"auto, (max-width: 1752px) 100vw, 1752px\" \/>\t\t\t\t\t\t\t\t\t\t\t\t\t\t\t<\/div>\n\t\t\t\t<\/div>\n\t\t\t\t\t<\/div>\n\t\t<\/div>\n\t\t\t\t<div class=\"elementor-column elementor-col-50 elementor-top-column elementor-element elementor-element-9b0c71b\" data-id=\"9b0c71b\" data-element_type=\"column\">\n\t\t\t<div class=\"elementor-widget-wrap elementor-element-populated\">\n\t\t\t\t\t\t\t\t<div class=\"elementor-element elementor-element-31edf9d4 animated-slow elementor-invisible elementor-widget elementor-widget-heading\" data-id=\"31edf9d4\" data-element_type=\"widget\" data-settings=\"{&quot;_animation&quot;:&quot;fadeIn&quot;}\" data-widget_type=\"heading.default\">\n\t\t\t\t<div class=\"elementor-widget-container\">\n\t\t\t<style>\/*! elementor - v3.15.0 - 31-07-2023 *\/\n.elementor-heading-title{padding:0;margin:0;line-height:1}.elementor-widget-heading .elementor-heading-title[class*=elementor-size-]>a{color:inherit;font-size:inherit;line-height:inherit}.elementor-widget-heading .elementor-heading-title.elementor-size-small{font-size:15px}.elementor-widget-heading .elementor-heading-title.elementor-size-medium{font-size:19px}.elementor-widget-heading .elementor-heading-title.elementor-size-large{font-size:29px}.elementor-widget-heading .elementor-heading-title.elementor-size-xl{font-size:39px}.elementor-widget-heading .elementor-heading-title.elementor-size-xxl{font-size:59px}<\/style><h1 class=\"elementor-heading-title elementor-size-default\">Parlons de votre projet<\/h1>\t\t<\/div>\n\t\t\t\t<\/div>\n\t\t\t\t<div class=\"elementor-element elementor-element-313002cb elementor-invisible elementor-widget elementor-widget-text-editor\" data-id=\"313002cb\" data-element_type=\"widget\" data-settings=\"{&quot;_animation&quot;:&quot;fadeIn&quot;,&quot;_animation_delay&quot;:200}\" data-widget_type=\"text-editor.default\">\n\t\t\t\t<div class=\"elementor-widget-container\">\n\t\t\t<style>\/*! elementor - v3.15.0 - 31-07-2023 *\/\n.elementor-widget-text-editor.elementor-drop-cap-view-stacked .elementor-drop-cap{background-color:#69727d;color:#fff}.elementor-widget-text-editor.elementor-drop-cap-view-framed .elementor-drop-cap{color:#69727d;border:3px solid;background-color:transparent}.elementor-widget-text-editor:not(.elementor-drop-cap-view-default) .elementor-drop-cap{margin-top:8px}.elementor-widget-text-editor:not(.elementor-drop-cap-view-default) .elementor-drop-cap-letter{width:1em;height:1em}.elementor-widget-text-editor .elementor-drop-cap{float:left;text-align:center;line-height:1;font-size:50px}.elementor-widget-text-editor .elementor-drop-cap-letter{display:inline-block}<\/style>\t\t\t\t<p>Notre \u00e9quipe est pr\u00eate \u00e0 r\u00e9pondre \u00e0 toutes vos questions.<\/p>\t\t\t\t\t\t<\/div>\n\t\t\t\t<\/div>\n\t\t\t\t<div class=\"elementor-element elementor-element-50dd628f elementor-mobile-align-center animated-fast elementor-invisible elementor-widget elementor-widget-button\" data-id=\"50dd628f\" data-element_type=\"widget\" data-settings=\"{&quot;_animation&quot;:&quot;fadeIn&quot;,&quot;_animation_delay&quot;:400}\" data-widget_type=\"button.default\">\n\t\t\t\t<div class=\"elementor-widget-container\">\n\t\t\t\t\t<div class=\"elementor-button-wrapper\">\n\t\t\t<a class=\"elementor-button elementor-button-link elementor-size-sm elementor-animation-float\" href=\"#more\">\n\t\t\t\t\t\t<span class=\"elementor-button-content-wrapper\">\n\t\t\t\t\t\t<span class=\"elementor-button-text\">En savoir plus<\/span>\n\t\t<\/span>\n\t\t\t\t\t<\/a>\n\t\t<\/div>\n\t\t\t\t<\/div>\n\t\t\t\t<\/div>\n\t\t\t\t\t<\/div>\n\t\t<\/div>\n\t\t\t\t\t\t\t<\/div>\n\t\t<\/section>\n\t\t\t\t<section class=\"elementor-section elementor-top-section elementor-element elementor-element-379acb4d elementor-section-content-middle elementor-section-full_width elementor-section-height-default elementor-section-height-default\" data-id=\"379acb4d\" data-element_type=\"section\" id=\"more\">\n\t\t\t\t\t\t<div class=\"elementor-container elementor-column-gap-no\">\n\t\t\t\t\t<div class=\"elementor-column elementor-col-50 elementor-top-column elementor-element elementor-element-655580fe\" data-id=\"655580fe\" data-element_type=\"column\">\n\t\t\t<div class=\"elementor-widget-wrap elementor-element-populated\">\n\t\t\t\t\t\t\t\t<div class=\"elementor-element elementor-element-e6046db elementor-widget elementor-widget-html\" data-id=\"e6046db\" data-element_type=\"widget\" data-widget_type=\"html.default\">\n\t\t\t\t<div class=\"elementor-widget-container\">\n\t\t\t<div class='fluentform ff-default fluentform_wrapper_1 ffs_default_wrap'><form data-form_id=\"1\" id=\"fluentform_1\" class=\"frm-fluent-form fluent_form_1 ff-el-form-top ff_form_instance_1_1 ff-form-loading ffs_default\" data-form_instance=\"ff_form_instance_1_1\" method=\"POST\" ><fieldset  style=\"border: none!important;margin: 0!important;padding: 0!important;background-color: transparent!important;box-shadow: none!important;outline: none!important; min-inline-size: 100%;\">\n                    <legend class=\"ff_screen_reader_title\" style=\"display: block; margin: 0!important;padding: 0!important;height: 0!important;text-indent: -999999px;width: 0!important;overflow:hidden;\">Contact Form Demo<\/legend><input type='hidden' name='__fluent_form_embded_post_id' value='17' \/><input type=\"hidden\" id=\"_fluentform_1_fluentformnonce\" name=\"_fluentform_1_fluentformnonce\" value=\"1bc9c30631\" \/><input type=\"hidden\" name=\"_wp_http_referer\" value=\"\/index.php\/wp-json\/wp\/v2\/pages\/17\" \/><div data-type=\"name-element\" data-name=\"names\" class=\" ff-field_container ff-name-field-wrapper\" ><div class='ff-t-container'><div class='ff-t-cell '><div class='ff-el-group'><div class=\"ff-el-input--label asterisk-right\"><label for='ff_1_names_first_name_' id='label_ff_1_names_first_name_' >Pr\u00e9nom<\/label><\/div><div class='ff-el-input--content'><input type=\"text\" name=\"names[first_name]\" id=\"ff_1_names_first_name_\" class=\"ff-el-form-control\" placeholder=\"Pr\u00e9nom\" aria-invalid=\"false\" aria-required=false><\/div><\/div><\/div><div class='ff-t-cell '><div class='ff-el-group'><div class=\"ff-el-input--label asterisk-right\"><label for='ff_1_names_last_name_' id='label_ff_1_names_last_name_' >Nom<\/label><\/div><div class='ff-el-input--content'><input type=\"text\" name=\"names[last_name]\" id=\"ff_1_names_last_name_\" class=\"ff-el-form-control\" placeholder=\"Nom\" aria-invalid=\"false\" aria-required=false><\/div><\/div><\/div><\/div><\/div><div class='ff-el-group'><div class=\"ff-el-input--label ff-el-is-required asterisk-right\"><label for='ff_1_email' id='label_ff_1_email' aria-label=\"E-mail\">E-mail<\/label><\/div><div class='ff-el-input--content'><input type=\"email\" name=\"email\" id=\"ff_1_email\" class=\"ff-el-form-control\" placeholder=\"E-mail\" data-name=\"email\"  aria-invalid=\"false\" aria-required=true><\/div><\/div><div class='ff-el-group'><div class=\"ff-el-input--label ff-el-is-required asterisk-right\"><label for='ff_1_message' id='label_ff_1_message' aria-label=\"Message\">Message<\/label><\/div><div class='ff-el-input--content'><textarea aria-required=\"true\" aria-labelledby=\"label_ff_1_message\" name=\"message\" id=\"ff_1_message\" class=\"ff-el-form-control\" placeholder=\"Message\" rows=\"4\" cols=\"2\" data-name=\"message\" ><\/textarea><\/div><\/div><div class='ff-el-group ff-text-left ff_submit_btn_wrapper'><button type=\"submit\" class=\"ff-btn ff-btn-submit ff-btn-md ff_btn_style\"  aria-label=\"Envoyer\">Envoyer<\/button><\/div><\/fieldset><\/form><div id='fluentform_1_errors' class='ff-errors-in-stack ff_form_instance_1_1 ff-form-loading_errors ff_form_instance_1_1_errors'><\/div><\/div>            <script type=\"text\/javascript\">\n                window.fluent_form_ff_form_instance_1_1 = {\"id\":\"1\",\"ajaxUrl\":\"https:\\\/\\\/wp5204.gendalf.teamon.site\\\/wp-admin\\\/admin-ajax.php\",\"settings\":{\"layout\":{\"labelPlacement\":\"top\",\"helpMessagePlacement\":\"with_label\",\"errorMessagePlacement\":\"inline\",\"cssClassName\":\"\",\"asteriskPlacement\":\"asterisk-right\"},\"restrictions\":{\"denyEmptySubmission\":{\"enabled\":false}}},\"form_instance\":\"ff_form_instance_1_1\",\"form_id_selector\":\"fluentform_1\",\"rules\":{\"names[first_name]\":{\"required\":{\"value\":false,\"message\":\"This field is required\",\"global\":false,\"global_message\":\"This field is required\"}},\"names[middle_name]\":{\"required\":{\"value\":false,\"message\":\"This field is required\",\"global\":false,\"global_message\":\"This field is required\"}},\"names[last_name]\":{\"required\":{\"value\":false,\"message\":\"This field is required\",\"global\":false,\"global_message\":\"This field is required\"}},\"email\":{\"required\":{\"value\":true,\"message\":\"This field is required\",\"global\":false,\"global_message\":\"This field is required\"},\"email\":{\"value\":true,\"message\":\"This field must contain a valid email\",\"global\":false,\"global_message\":\"This field must contain a valid email\"}},\"message\":{\"required\":{\"value\":true,\"message\":\"This field is required\",\"global\":false,\"global_message\":\"This field is required\"}}},\"debounce_time\":300};\n                            <\/script>\n            \t\t<\/div>\n\t\t\t\t<\/div>\n\t\t\t\t\t<\/div>\n\t\t<\/div>\n\t\t\t\t<div class=\"elementor-column elementor-col-50 elementor-top-column elementor-element elementor-element-7cd95b0b\" data-id=\"7cd95b0b\" data-element_type=\"column\" data-settings=\"{&quot;background_background&quot;:&quot;classic&quot;}\">\n\t\t\t<div class=\"elementor-widget-wrap elementor-element-populated\">\n\t\t\t\t\t\t\t\t<div class=\"elementor-element elementor-element-d47ae58 elementor-widget elementor-widget-html\" data-id=\"d47ae58\" data-element_type=\"widget\" data-widget_type=\"html.default\">\n\t\t\t\t<div class=\"elementor-widget-container\">\n\t\t\t<iframe src=\"https:\/\/www.google.com\/maps\/embed?pb=!1m14!1m8!1m3!1d1401.479685611846!2d0.359052526307332!3d46.58108536138507!3m2!1i1024!2i768!4f13.1!3m3!1m2!1s0x47fdbe88e559c8ff%3A0x54e6d9d51794eecd!2s9%20Rue%20du%20P%C3%A8re-de-la-Croix%2C%2086000%20Poitiers%2C%20France!5e0!3m2!1sfr!2spl!4v1777369451482!5m2!1sfr!2spl\" width=\"600\" height=\"275\" style=\"border:0;\" allowfullscreen=\"\" loading=\"lazy\" referrerpolicy=\"no-referrer-when-downgrade\"><\/iframe>\t\t<\/div>\n\t\t\t\t<\/div>\n\t\t\t\t<div class=\"elementor-element elementor-element-20a13e2 elementor-vertical-align-top elementor-widget elementor-widget-icon-box\" data-id=\"20a13e2\" data-element_type=\"widget\" data-widget_type=\"icon-box.default\">\n\t\t\t\t<div class=\"elementor-widget-container\">\n\t\t\t<link rel=\"stylesheet\" href=\"https:\/\/wp5204.gendalf.teamon.site\/wp-content\/plugins\/elementor\/assets\/css\/widget-icon-box.min.css\">\t\t<div class=\"elementor-icon-box-wrapper\">\n\t\t\t\t\t\t<div class=\"elementor-icon-box-content\">\n\t\t\t\t<h3 class=\"elementor-icon-box-title\">\n\t\t\t\t\t<span  >\n\t\t\t\t\t\t9 Rue du P\u00e8re-de-la-Croix, 86000 Poitiers, France\t\t\t\t\t<\/span>\n\t\t\t\t<\/h3>\n\t\t\t\t\t\t\t<\/div>\n\t\t<\/div>\n\t\t\t\t<\/div>\n\t\t\t\t<\/div>\n\t\t\t\t<div class=\"elementor-element elementor-element-4aac2a76 elementor-vertical-align-top elementor-widget elementor-widget-icon-box\" data-id=\"4aac2a76\" data-element_type=\"widget\" data-widget_type=\"icon-box.default\">\n\t\t\t\t<div class=\"elementor-widget-container\">\n\t\t\t\t\t<div class=\"elementor-icon-box-wrapper\">\n\t\t\t\t\t\t<div class=\"elementor-icon-box-content\">\n\t\t\t\t<h3 class=\"elementor-icon-box-title\">\n\t\t\t\t\t<span  >\n\t\t\t\t\t\t+33 5 49 03 77 28\t\t\t\t\t<\/span>\n\t\t\t\t<\/h3>\n\t\t\t\t\t\t\t<\/div>\n\t\t<\/div>\n\t\t\t\t<\/div>\n\t\t\t\t<\/div>\n\t\t\t\t<div class=\"elementor-element elementor-element-9c87a88 elementor-vertical-align-top elementor-widget elementor-widget-icon-box\" data-id=\"9c87a88\" data-element_type=\"widget\" data-widget_type=\"icon-box.default\">\n\t\t\t\t<div class=\"elementor-widget-container\">\n\t\t\t\t\t<div class=\"elementor-icon-box-wrapper\">\n\t\t\t\t\t\t<div class=\"elementor-icon-box-content\">\n\t\t\t\t<h3 class=\"elementor-icon-box-title\">\n\t\t\t\t\t<span  >\n\t\t\t\t\t\tsupport@soleiltech.com\t\t\t\t\t<\/span>\n\t\t\t\t<\/h3>\n\t\t\t\t\t\t\t<\/div>\n\t\t<\/div>\n\t\t\t\t<\/div>\n\t\t\t\t<\/div>\n\t\t\t\t\t<\/div>\n\t\t<\/div>\n\t\t\t\t\t\t\t<\/div>\n\t\t<\/section>\n\t\t\t\t\t\t\t<\/div>\n\t\t","protected":false},"excerpt":{"rendered":"<p>Parlons de votre projet Notre \u00e9quipe est pr\u00eate \u00e0 r\u00e9pondre \u00e0 toutes vos questions. En savoir plus 9 Rue du P\u00e8re-de-la-Croix, 86000 Poitiers, France +33 5 49 03 77 28 support@soleiltech.com<\/p>\n","protected":false},"author":1,"featured_media":0,"parent":0,"menu_order":0,"comment_status":"closed","ping_status":"closed","template":"","meta":{"_kad_post_transparent":"","_kad_post_title":"hide","_kad_post_layout":"fullwidth","_kad_post_sidebar_id":"","_kad_post_content_style":"unboxed","_kad_post_vertical_padding":"hide","_kad_post_feature":"hide","_kad_post_feature_position":"","_kad_post_header":false,"_kad_post_footer":false,"_kad_post_classname":"","footnotes":""},"class_list":["post-17","page","type-page","status-publish","hentry"],"yoast_head":"<!-- This site is optimized with the Yoast SEO plugin v27.5 - https:\/\/yoast.com\/product\/yoast-seo-wordpress\/ -->\n<title>Contact - SoleilTech \u2013 Solutions d\u2019\u00c9nergie Solaire Innovantes<\/title>\n<meta name=\"robots\" content=\"index, follow, max-snippet:-1, max-image-preview:large, max-video-preview:-1\" \/>\n<link rel=\"canonical\" href=\"https:\/\/wp5204.gendalf.teamon.site\/index.php\/contact\/\" \/>\n<meta property=\"og:locale\" content=\"fr_FR\" \/>\n<meta property=\"og:type\" content=\"article\" \/>\n<meta property=\"og:title\" content=\"Contact - SoleilTech \u2013 Solutions d\u2019\u00c9nergie Solaire Innovantes\" \/>\n<meta property=\"og:description\" content=\"Parlons de votre projet Notre \u00e9quipe est pr\u00eate \u00e0 r\u00e9pondre \u00e0 toutes vos questions. En savoir plus 9 Rue du P\u00e8re-de-la-Croix, 86000 Poitiers, France +33 5 49 03 77 28 support@soleiltech.com\" \/>\n<meta property=\"og:url\" content=\"https:\/\/wp5204.gendalf.teamon.site\/index.php\/contact\/\" \/>\n<meta property=\"og:site_name\" content=\"SoleilTech \u2013 Solutions d\u2019\u00c9nergie Solaire Innovantes\" \/>\n<meta property=\"article:modified_time\" content=\"2026-04-28T09:45:58+00:00\" \/>\n<meta property=\"og:image\" content=\"http:\/\/wp5204.gendalf.teamon.site\/wp-content\/uploads\/2026\/04\/solar-panels-meadow-scaled.jpg\" \/>\n<meta name=\"twitter:card\" content=\"summary_large_image\" \/>\n<script type=\"application\/ld+json\" class=\"yoast-schema-graph\">{\"@context\":\"https:\\\/\\\/schema.org\",\"@graph\":[{\"@type\":\"WebPage\",\"@id\":\"https:\\\/\\\/wp5204.gendalf.teamon.site\\\/index.php\\\/contact\\\/\",\"url\":\"https:\\\/\\\/wp5204.gendalf.teamon.site\\\/index.php\\\/contact\\\/\",\"name\":\"Contact - SoleilTech \u2013 Solutions d\u2019\u00c9nergie Solaire Innovantes\",\"isPartOf\":{\"@id\":\"https:\\\/\\\/wp5204.gendalf.teamon.site\\\/#website\"},\"primaryImageOfPage\":{\"@id\":\"https:\\\/\\\/wp5204.gendalf.teamon.site\\\/index.php\\\/contact\\\/#primaryimage\"},\"image\":{\"@id\":\"https:\\\/\\\/wp5204.gendalf.teamon.site\\\/index.php\\\/contact\\\/#primaryimage\"},\"thumbnailUrl\":\"http:\\\/\\\/wp5204.gendalf.teamon.site\\\/wp-content\\\/uploads\\\/2026\\\/04\\\/solar-panels-meadow-scaled.jpg\",\"datePublished\":\"2026-04-28T08:48:01+00:00\",\"dateModified\":\"2026-04-28T09:45:58+00:00\",\"breadcrumb\":{\"@id\":\"https:\\\/\\\/wp5204.gendalf.teamon.site\\\/index.php\\\/contact\\\/#breadcrumb\"},\"inLanguage\":\"fr-FR\",\"potentialAction\":[{\"@type\":\"ReadAction\",\"target\":[\"https:\\\/\\\/wp5204.gendalf.teamon.site\\\/index.php\\\/contact\\\/\"]}]},{\"@type\":\"ImageObject\",\"inLanguage\":\"fr-FR\",\"@id\":\"https:\\\/\\\/wp5204.gendalf.teamon.site\\\/index.php\\\/contact\\\/#primaryimage\",\"url\":\"http:\\\/\\\/wp5204.gendalf.teamon.site\\\/wp-content\\\/uploads\\\/2026\\\/04\\\/solar-panels-meadow-scaled.jpg\",\"contentUrl\":\"http:\\\/\\\/wp5204.gendalf.teamon.site\\\/wp-content\\\/uploads\\\/2026\\\/04\\\/solar-panels-meadow-scaled.jpg\"},{\"@type\":\"BreadcrumbList\",\"@id\":\"https:\\\/\\\/wp5204.gendalf.teamon.site\\\/index.php\\\/contact\\\/#breadcrumb\",\"itemListElement\":[{\"@type\":\"ListItem\",\"position\":1,\"name\":\"Home\",\"item\":\"https:\\\/\\\/wp5204.gendalf.teamon.site\\\/\"},{\"@type\":\"ListItem\",\"position\":2,\"name\":\"Contact\"}]},{\"@type\":\"WebSite\",\"@id\":\"https:\\\/\\\/wp5204.gendalf.teamon.site\\\/#website\",\"url\":\"https:\\\/\\\/wp5204.gendalf.teamon.site\\\/\",\"name\":\"SoleilTech \u2013 Solutions d\u2019\u00c9nergie Solaire Innovantes\",\"description\":\"\",\"publisher\":{\"@id\":\"https:\\\/\\\/wp5204.gendalf.teamon.site\\\/#organization\"},\"potentialAction\":[{\"@type\":\"SearchAction\",\"target\":{\"@type\":\"EntryPoint\",\"urlTemplate\":\"https:\\\/\\\/wp5204.gendalf.teamon.site\\\/?s={search_term_string}\"},\"query-input\":{\"@type\":\"PropertyValueSpecification\",\"valueRequired\":true,\"valueName\":\"search_term_string\"}}],\"inLanguage\":\"fr-FR\"},{\"@type\":\"Organization\",\"@id\":\"https:\\\/\\\/wp5204.gendalf.teamon.site\\\/#organization\",\"name\":\"SoleilTech \u2013 Solutions d\u2019\u00c9nergie Solaire Innovantes\",\"url\":\"https:\\\/\\\/wp5204.gendalf.teamon.site\\\/\",\"logo\":{\"@type\":\"ImageObject\",\"inLanguage\":\"fr-FR\",\"@id\":\"https:\\\/\\\/wp5204.gendalf.teamon.site\\\/#\\\/schema\\\/logo\\\/image\\\/\",\"url\":\"https:\\\/\\\/wp5204.gendalf.teamon.site\\\/wp-content\\\/uploads\\\/2026\\\/04\\\/cropped-svgexport-24.png\",\"contentUrl\":\"https:\\\/\\\/wp5204.gendalf.teamon.site\\\/wp-content\\\/uploads\\\/2026\\\/04\\\/cropped-svgexport-24.png\",\"width\":918,\"height\":214,\"caption\":\"SoleilTech \u2013 Solutions d\u2019\u00c9nergie Solaire Innovantes\"},\"image\":{\"@id\":\"https:\\\/\\\/wp5204.gendalf.teamon.site\\\/#\\\/schema\\\/logo\\\/image\\\/\"}}]}<\/script>\n<!-- \/ Yoast SEO plugin. -->","yoast_head_json":{"title":"Contact - SoleilTech \u2013 Solutions d\u2019\u00c9nergie Solaire Innovantes","robots":{"index":"index","follow":"follow","max-snippet":"max-snippet:-1","max-image-preview":"max-image-preview:large","max-video-preview":"max-video-preview:-1"},"canonical":"https:\/\/wp5204.gendalf.teamon.site\/index.php\/contact\/","og_locale":"fr_FR","og_type":"article","og_title":"Contact - SoleilTech \u2013 Solutions d\u2019\u00c9nergie Solaire Innovantes","og_description":"Parlons de votre projet Notre \u00e9quipe est pr\u00eate \u00e0 r\u00e9pondre \u00e0 toutes vos questions. En savoir plus 9 Rue du P\u00e8re-de-la-Croix, 86000 Poitiers, France +33 5 49 03 77 28 support@soleiltech.com","og_url":"https:\/\/wp5204.gendalf.teamon.site\/index.php\/contact\/","og_site_name":"SoleilTech \u2013 Solutions d\u2019\u00c9nergie Solaire Innovantes","article_modified_time":"2026-04-28T09:45:58+00:00","og_image":[{"url":"http:\/\/wp5204.gendalf.teamon.site\/wp-content\/uploads\/2026\/04\/solar-panels-meadow-scaled.jpg","type":"","width":"","height":""}],"twitter_card":"summary_large_image","schema":{"@context":"https:\/\/schema.org","@graph":[{"@type":"WebPage","@id":"https:\/\/wp5204.gendalf.teamon.site\/index.php\/contact\/","url":"https:\/\/wp5204.gendalf.teamon.site\/index.php\/contact\/","name":"Contact - SoleilTech \u2013 Solutions d\u2019\u00c9nergie Solaire Innovantes","isPartOf":{"@id":"https:\/\/wp5204.gendalf.teamon.site\/#website"},"primaryImageOfPage":{"@id":"https:\/\/wp5204.gendalf.teamon.site\/index.php\/contact\/#primaryimage"},"image":{"@id":"https:\/\/wp5204.gendalf.teamon.site\/index.php\/contact\/#primaryimage"},"thumbnailUrl":"http:\/\/wp5204.gendalf.teamon.site\/wp-content\/uploads\/2026\/04\/solar-panels-meadow-scaled.jpg","datePublished":"2026-04-28T08:48:01+00:00","dateModified":"2026-04-28T09:45:58+00:00","breadcrumb":{"@id":"https:\/\/wp5204.gendalf.teamon.site\/index.php\/contact\/#breadcrumb"},"inLanguage":"fr-FR","potentialAction":[{"@type":"ReadAction","target":["https:\/\/wp5204.gendalf.teamon.site\/index.php\/contact\/"]}]},{"@type":"ImageObject","inLanguage":"fr-FR","@id":"https:\/\/wp5204.gendalf.teamon.site\/index.php\/contact\/#primaryimage","url":"http:\/\/wp5204.gendalf.teamon.site\/wp-content\/uploads\/2026\/04\/solar-panels-meadow-scaled.jpg","contentUrl":"http:\/\/wp5204.gendalf.teamon.site\/wp-content\/uploads\/2026\/04\/solar-panels-meadow-scaled.jpg"},{"@type":"BreadcrumbList","@id":"https:\/\/wp5204.gendalf.teamon.site\/index.php\/contact\/#breadcrumb","itemListElement":[{"@type":"ListItem","position":1,"name":"Home","item":"https:\/\/wp5204.gendalf.teamon.site\/"},{"@type":"ListItem","position":2,"name":"Contact"}]},{"@type":"WebSite","@id":"https:\/\/wp5204.gendalf.teamon.site\/#website","url":"https:\/\/wp5204.gendalf.teamon.site\/","name":"SoleilTech \u2013 Solutions d\u2019\u00c9nergie Solaire Innovantes","description":"","publisher":{"@id":"https:\/\/wp5204.gendalf.teamon.site\/#organization"},"potentialAction":[{"@type":"SearchAction","target":{"@type":"EntryPoint","urlTemplate":"https:\/\/wp5204.gendalf.teamon.site\/?s={search_term_string}"},"query-input":{"@type":"PropertyValueSpecification","valueRequired":true,"valueName":"search_term_string"}}],"inLanguage":"fr-FR"},{"@type":"Organization","@id":"https:\/\/wp5204.gendalf.teamon.site\/#organization","name":"SoleilTech \u2013 Solutions d\u2019\u00c9nergie Solaire Innovantes","url":"https:\/\/wp5204.gendalf.teamon.site\/","logo":{"@type":"ImageObject","inLanguage":"fr-FR","@id":"https:\/\/wp5204.gendalf.teamon.site\/#\/schema\/logo\/image\/","url":"https:\/\/wp5204.gendalf.teamon.site\/wp-content\/uploads\/2026\/04\/cropped-svgexport-24.png","contentUrl":"https:\/\/wp5204.gendalf.teamon.site\/wp-content\/uploads\/2026\/04\/cropped-svgexport-24.png","width":918,"height":214,"caption":"SoleilTech \u2013 Solutions d\u2019\u00c9nergie Solaire Innovantes"},"image":{"@id":"https:\/\/wp5204.gendalf.teamon.site\/#\/schema\/logo\/image\/"}}]}},"_links":{"self":[{"href":"https:\/\/wp5204.gendalf.teamon.site\/index.php\/wp-json\/wp\/v2\/pages\/17","targetHints":{"allow":["GET"]}}],"collection":[{"href":"https:\/\/wp5204.gendalf.teamon.site\/index.php\/wp-json\/wp\/v2\/pages"}],"about":[{"href":"https:\/\/wp5204.gendalf.teamon.site\/index.php\/wp-json\/wp\/v2\/types\/page"}],"author":[{"embeddable":true,"href":"https:\/\/wp5204.gendalf.teamon.site\/index.php\/wp-json\/wp\/v2\/users\/1"}],"replies":[{"embeddable":true,"href":"https:\/\/wp5204.gendalf.teamon.site\/index.php\/wp-json\/wp\/v2\/comments?post=17"}],"version-history":[{"count":5,"href":"https:\/\/wp5204.gendalf.teamon.site\/index.php\/wp-json\/wp\/v2\/pages\/17\/revisions"}],"predecessor-version":[{"id":60,"href":"https:\/\/wp5204.gendalf.teamon.site\/index.php\/wp-json\/wp\/v2\/pages\/17\/revisions\/60"}],"wp:attachment":[{"href":"https:\/\/wp5204.gendalf.teamon.site\/index.php\/wp-json\/wp\/v2\/media?parent=17"}],"curies":[{"name":"wp","href":"https:\/\/api.w.org\/{rel}","templated":true}]}}